{"id":24,"date":"2026-02-17T19:27:11","date_gmt":"2026-02-17T19:27:11","guid":{"rendered":"http:\/\/lebensfroh-wittenberg.de\/about\/"},"modified":"2026-02-25T19:40:41","modified_gmt":"2026-02-25T19:40:41","slug":"about","status":"publish","type":"page","link":"https:\/\/lebensfroh-wittenberg.de\/?page_id=24","title":{"rendered":"\u00dcber uns"},"content":{"rendered":"<!--[fluid]--><!--{content}-->    <!--[section]-->\n\t\t<style>\n@media (max-width: 767px) {.bd-section-1112798964{padding-top:2em;}}\n.bd-section-1112798964{\n\tline-height:  32em;\n\tcolor:  #777777;\n\tfont-size:  1.2em;\n}\n<\/style>\t\t<section id=section7 class=\" bd-section-1112798964 bd-page-width  bd-tagstyles\" data-section-title=\"Container Plus Image Below\">\n\t\t\t<div class=\"bd-container-inner bd-margins clearfix\">\n\t\t\t\t<!--{content}-->\n\t\t\t\t\t<!--[background_width]--><!--{content}--><!--[layoutbox]--><div class=\"clearfix  additional-class-267961698 bd-background-width  bd-no-margins\"><div class=\"bd-container-inner\"><!--{content}-->    <!--[text]-->\n        <style>\nul.additional-class-659327372{\n\tline-height:  21px;\n\ttext-align:  left;\n}\n<\/style>        <ul class=\" additional-class-659327372  bd-content-element\">\n            <!--{content}-->\n                Wir sehen unser Aufgabe als Berufung.<br>\nMit Seele und viel Herz erf\u00fcllen wir ihren Tag gern mit W\u00e4rme und helfen Ihnen, den Alltag zu meistern.<br><br>&nbsp; &nbsp;<b>Ihr Partner f\u00fcr\nEntlastung im Alltag \u2013 wir rechnen direkt mit der Pflegekasse ab.\n<br><br><\/b>\n\n \t<li>Pflegekassen im Rahmen der Verhinderungspflege \u00a739 SGB XI<\/li>\n \t<li>Pflegekassen in Rahmen der anerkannten\nAngebote zur Unterst\u00fctzung im Alltag \u00a745b SGB XI<\/li>\n \t<li>Alle Angebote k\u00f6nnen Sie selbstverst\u00e4ndlich\nauch als Selbstzahler in Anspruch nehmen.\n\n<br><b><br>&nbsp; &nbsp;Unsere Leistungen:\n\n<br><br><\/b><\/li>\n \t<li>Unterst\u00fctzung bei der Alltagsgestaltung<b><\/b><\/li>\n \t<li>&nbsp;Unterst\u00fctzung im Haushalt<\/li>\n \t<li>Reinigungst\u00e4tigkeiten &nbsp;Begleitung bei\nArztbesuchen \/ Beh\u00f6rdeng\u00e4nge \/ Therapie<\/li>\n \t<li>&nbsp;Einkaufsservice \/ Begleitung zum Einkauf<\/li>\n \t<li>&nbsp;Besuch von kulturellen Veranstaltungen, Sportveranstaltungen, Museen, Theater<\/li>\n \t<li>&nbsp;Spazierg\u00e4nge und Ausfl\u00fcge<\/li>\n \t<li>&nbsp;Gesellschaft leisten und Zeit schenken<\/li>\n \t<li>&nbsp;Gemeinsames Kochen und Backen<\/li>\n \t<li>&nbsp;Kreatives Gestalten, Musik h\u00f6ren, Singen, Tanzen, Brett und Kartenspiele<\/li>\n \t<li>&nbsp;Entlastung von pflegenden Angeh\u00f6rigen<\/li>\n \t<li>&nbsp;Sorgenfreiheit durch zeitnahe Boteng\u00e4nge aller Art<\/li>            <!--{\/content}-->\n        <\/ul>\n    <!--[\/text]-->\n<!--{\/content}--><\/div><\/div><!--[\/layoutbox]--><!--{\/content}--><!--[\/background_width]-->\t\t\t\t<!--{\/content}-->\n\t\t\t<\/div>\n\t\t<\/section>\n\t<!--[\/section]-->\n<!--{\/content}--><!--[\/fluid]-->\n","protected":false},"excerpt":{"rendered":"","protected":false},"author":1,"featured_media":0,"parent":0,"menu_order":4,"comment_status":"closed","ping_status":"closed","template":"","meta":{"footnotes":""},"class_list":["post-24","page","type-page","status-publish","hentry"],"_links":{"self":[{"href":"https:\/\/lebensfroh-wittenberg.de\/index.php?rest_route=\/wp\/v2\/pages\/24","targetHints":{"allow":["GET"]}}],"collection":[{"href":"https:\/\/lebensfroh-wittenberg.de\/index.php?rest_route=\/wp\/v2\/pages"}],"about":[{"href":"https:\/\/lebensfroh-wittenberg.de\/index.php?rest_route=\/wp\/v2\/types\/page"}],"author":[{"embeddable":true,"href":"https:\/\/lebensfroh-wittenberg.de\/index.php?rest_route=\/wp\/v2\/users\/1"}],"replies":[{"embeddable":true,"href":"https:\/\/lebensfroh-wittenberg.de\/index.php?rest_route=%2Fwp%2Fv2%2Fcomments&post=24"}],"version-history":[{"count":8,"href":"https:\/\/lebensfroh-wittenberg.de\/index.php?rest_route=\/wp\/v2\/pages\/24\/revisions"}],"predecessor-version":[{"id":88,"href":"https:\/\/lebensfroh-wittenberg.de\/index.php?rest_route=\/wp\/v2\/pages\/24\/revisions\/88"}],"wp:attachment":[{"href":"https:\/\/lebensfroh-wittenberg.de\/index.php?rest_route=%2Fwp%2Fv2%2Fmedia&parent=24"}],"curies":[{"name":"wp","href":"https:\/\/api.w.org\/{rel}","templated":true}]}}